{"id":175,"date":"2024-12-18T23:18:08","date_gmt":"2024-12-18T23:18:08","guid":{"rendered":"https:\/\/lexiway.com\/product\/vademecum-del-ingles\/"},"modified":"2025-04-25T18:03:32","modified_gmt":"2025-04-25T18:03:32","slug":"vademecum-del-ingles","status":"publish","type":"product","link":"https:\/\/lexiway.com\/es\/producto\/vademecum-del-ingles\/","title":{"rendered":"Vad\u00e9mecum del Ingl\u00e9s"},"content":{"rendered":"<p><strong>Vadem\u00e9cum del Ingl\u00e9s<\/strong> es un libro de consulta detallado y cuidadosamente organizado, dise\u00f1ado para profesores de ingl\u00e9s y estudiantes avanzados. Esta gu\u00eda cubre los aspectos esenciales de la lengua inglesa -fon\u00e9tica, gram\u00e1tica, vocabulario y etimolog\u00eda- ofreciendo explicaciones claras, concisas y pr\u00e1cticas en un formato de f\u00e1cil manejo.<\/p>\n<p>Tanto si ense\u00f1as en una universidad como si preparas ex\u00e1menes o profundizas en tus propios conocimientos, este libro es una herramienta indispensable para dominar los entresijos del ingl\u00e9s.<\/p>\n<hr>\n<h4><strong>Contenidos:<\/strong><\/h4>\n<ul>\n<li><strong>Fon\u00e9tica<\/strong>: Comprende los sonidos del ingl\u00e9s con 16 tablas que cubren patrones y reglas de pronunciaci\u00f3n, ideales para mejorar tanto al hablar como al ense\u00f1ar a otros.<\/li>\n<li><strong>Gram\u00e1tica<\/strong>: Simplifica conceptos complejos con 30 tablas tem\u00e1ticas que proporcionan un acceso r\u00e1pido y pr\u00e1ctico a las estructuras gramaticales clave.<\/li>\n<li><strong>Vocabulario<\/strong>: Ampl\u00eda tu repertorio ling\u00fc\u00edstico con 14 tablas tem\u00e1ticas, que ofrecen agrupaciones de palabras avanzadas y pr\u00e1cticas para uso profesional o acad\u00e9mico.<\/li>\n<li><strong>Etimolog\u00eda<\/strong>: Explora la historia de las palabras inglesas a trav\u00e9s de 55 tablas de ra\u00edces, prefijos y sufijos, que arrojan luz sobre los or\u00edgenes y la evoluci\u00f3n de la lengua.<\/li>\n<\/ul>\n<hr>\n<h4><strong>Pensado para profesores y estudiantes avanzados:<\/strong><\/h4>\n<ul>\n<li><strong>Directo y pr\u00e1ctico<\/strong>: Proporciona todas las herramientas esenciales que necesitas para ense\u00f1ar o aprender ingl\u00e9s con eficacia, sin jerga innecesaria.<\/li>\n<li><strong>C\u00f3modo y organizado<\/strong>: El dise\u00f1o basado en tablas facilita encontrar la informaci\u00f3n que necesitas, ya sea para planificar clases, investigar o estudiar.<\/li>\n<li><strong>Un recurso completo<\/strong>: Combina fon\u00e9tica, gram\u00e1tica, vocabulario y etimolog\u00eda en un solo libro, eliminando la necesidad de m\u00faltiples referencias.<\/li>\n<\/ul>\n<hr>\n<p>El <strong>Vadem\u00e9cum de Ingl\u00e9s<\/strong> es perfecto para profesores que buscan simplificar la preparaci\u00f3n de las clases, estudiantes que pretenden profundizar en su comprensi\u00f3n del ingl\u00e9s o cualquiera que desee una referencia fiable y avanzada.<\/p>\n<p><strong>Consigue tu ejemplar hoy mismo y da el siguiente paso en tu viaje por la lengua inglesa.<\/strong><\/p>\n","protected":false},"excerpt":{"rendered":"<p>El Vadem\u00e9cum del Ingl\u00e9s, una completa gu\u00eda de referencia para profesores de ingl\u00e9s y estudiantes avanzados, abarca la fon\u00e9tica, la gram\u00e1tica, el vocabulario y la etimolog\u00eda en un formato organizado en pr\u00e1cticas tablas. Perfecto para planificar clases, estudiar o profundizar en tu comprensi\u00f3n de la lengua inglesa.<\/p>\n","protected":false},"featured_media":776,"comment_status":"open","ping_status":"closed","template":"","meta":{"_kad_blocks_custom_css":"","_kad_blocks_head_custom_js":"","_kad_blocks_body_custom_js":"","_kad_blocks_footer_custom_js":"","_kad_post_transparent":"","_kad_post_title":"","_kad_post_layout":"","_kad_post_sidebar_id":"","_kad_post_content_style":"","_kad_post_vertical_padding":"","_kad_post_feature":"","_kad_post_feature_position":"","_kad_post_header":false,"_kad_post_footer":false},"product_brand":[],"product_cat":[37],"product_tag":[38,40,39,43,41,42],"class_list":{"0":"post-175","1":"product","2":"type-product","3":"status-publish","4":"has-post-thumbnail","6":"product_cat-libros","7":"product_tag-etimologia","8":"product_tag-fonetica","9":"product_tag-gramatica","10":"product_tag-ingles","11":"product_tag-recursos-para-profesores","12":"product_tag-vocabulario","14":"first","15":"instock","16":"taxable","17":"shipping-taxable","18":"purchasable","19":"product-type-simple","20":"entry","21":"content-bg","22":"loop-entry"},"taxonomy_info":{"product_cat":[{"value":37,"label":"Libros"}],"product_tag":[{"value":38,"label":"Etimolog\u00eda"},{"value":40,"label":"Fon\u00e9tica"},{"value":39,"label":"Gram\u00e1tica"},{"value":43,"label":"Ingl\u00e9s"},{"value":41,"label":"Recursos para profesores"},{"value":42,"label":"Vocabulario"}]},"featured_image_src_large":["https:\/\/lexiway.com\/wp-content\/uploads\/2025\/02\/VADEMECUM_cover_4_seals.png",1677,2360,false],"author_info":[],"comment_info":0,"_links":{"self":[{"href":"https:\/\/lexiway.com\/es\/wp-json\/wp\/v2\/product\/175","targetHints":{"allow":["GET"]}}],"collection":[{"href":"https:\/\/lexiway.com\/es\/wp-json\/wp\/v2\/product"}],"about":[{"href":"https:\/\/lexiway.com\/es\/wp-json\/wp\/v2\/types\/product"}],"replies":[{"embeddable":true,"href":"https:\/\/lexiway.com\/es\/wp-json\/wp\/v2\/comments?post=175"}],"wp:featuredmedia":[{"embeddable":true,"href":"https:\/\/lexiway.com\/es\/wp-json\/wp\/v2\/media\/776"}],"wp:attachment":[{"href":"https:\/\/lexiway.com\/es\/wp-json\/wp\/v2\/media?parent=175"}],"wp:term":[{"taxonomy":"product_brand","embeddable":true,"href":"https:\/\/lexiway.com\/es\/wp-json\/wp\/v2\/product_brand?post=175"},{"taxonomy":"product_cat","embeddable":true,"href":"https:\/\/lexiway.com\/es\/wp-json\/wp\/v2\/product_cat?post=175"},{"taxonomy":"product_tag","embeddable":true,"href":"https:\/\/lexiway.com\/es\/wp-json\/wp\/v2\/product_tag?post=175"}],"curies":[{"name":"wp","href":"https:\/\/api.w.org\/{rel}","templated":true}]}}